{"id":351,"date":"2020-04-26T19:14:48","date_gmt":"2020-04-26T18:14:48","guid":{"rendered":"http:\/\/geigl.co.at\/de\/?page_id=351"},"modified":"2020-04-26T19:14:48","modified_gmt":"2020-04-26T18:14:48","slug":"impressum","status":"publish","type":"page","link":"http:\/\/geigl.co.at\/de\/impressum\/","title":{"rendered":"Impressum"},"content":{"rendered":"\n<h3 class=\"wp-block-heading\">Informationen laut E-Commerce-Gesetz (ECG):<\/h3>\n\n\n\n<h5 class=\"wp-block-heading\">Betreiber:<\/h5>\n\n\n\n<p>Ulrike Geigl<br>Konrad Lorenz Weg 6<br>A-4912 Neuhofen im Innkreis<\/p>\n\n\n\n<p><br>Web: <a href=\"..\/\">www.geigl.co.at<\/a><\/p>\n\n\n\n<h5 class=\"wp-block-heading\">Haftung:<\/h5>\n\n\n\n<p>Der Betreiber dieser Webseite ist bestrebt, die hier angebotenen Informationen<br>nach bestem Wissen und Gewissen vollst\u00e4ndig und richtig darzustellen und aktuell zu halten.<br>Dennoch kann er keinerlei Haftung f\u00fcr Sch\u00e4den \u00fcbernehmen, die sich aus der Nutzung der<br>angebotenen Informationen ergeben k\u00f6nnen &#8211; auch wenn diese auf die Nutzung von allenfalls<br>unvollst\u00e4ndigen bzw. fehlerhaften Informationen zur\u00fcckzuf\u00fchren sind.<\/p>\n\n\n\n<h5 class=\"wp-block-heading\">Urheberrecht:<\/h5>\n\n\n\n<h5 class=\"wp-block-heading\">Der Inhalt dieser Seiten ist urheberrechtlich gesch\u00fctzt. Jede den Bestimmungen des Urheberrechtsgesetzes widersprechende Verwendung jeglicher Inhalte dieser Webseite &#8211; insbesondere die weitergehende Nutzung wie beispielsweise die Ver\u00f6ffentlichung, Vervielf\u00e4ltigung und jede Form von gewerblicher Nutzung sowie die Weitergabe an Dritte &#8211; auch in Teilen oder in \u00fcberarbeiteter Form &#8211; ohne ausdr\u00fcckliche Zustimmung des Betreibers ist untersagt.<\/h5>\n\n\n\n<p>Informationsinhalt:<\/p>\n\n\n\n<p>Die Informationen dieser Webseiten k\u00f6nnen ohne vorherige Ank\u00fcndigung ge\u00e4ndert, entfernt oder erg\u00e4nzt werden. Der Betreiber kann daher keine Garantie f\u00fcr die Korrektheit, Vollst\u00e4ndigkeit oder Qualit\u00e4t und letzte Aktualit\u00e4t der bereitgestellten Informationen geben.<\/p>\n\n\n\n<h5 class=\"wp-block-heading\">Rechtswirksamkeit:<\/h5>\n\n\n\n<p>Durch Nutzung dieser Webseiten unterliegt der Nutzer den gegenst\u00e4ndlichen Ben\u00fctzungsbedingungen. Diese sind Teil des WWW-Angebotes. Sofern Teile oder einzelne Formulierungen der Ben\u00fctzungsbedingungen der geltenden Rechtslage nicht, nicht mehr oder nicht vollst\u00e4ndig entsprechen sollten, bleiben die \u00fcbrigen Teile der Ben\u00fctzungsbedingungen in ihrem Inhalt und ihrer G\u00fcltigkeit davon unber\u00fchrt.<\/p>\n\n\n\n<p>Copyright 2020, Ulrike Geigl, Alle Rechte vorbehalten<\/p>\n","protected":false},"excerpt":{"rendered":"<p>Informationen laut E-Commerce-Gesetz (ECG): Betreiber: Ulrike GeiglKonrad Lorenz Weg 6A-4912 Neuhofen im Innkreis Web: www.geigl.co.at Haftung: Der Betreiber dieser Webseite ist bestrebt, die hier angebotenen Informationennach bestem Wissen und Gewissen vollst\u00e4ndig und richtig darzustellen und aktuell zu halten.Dennoch kann er keinerlei Haftung f\u00fcr Sch\u00e4den \u00fcbernehmen, &hellip; <a href=\"http:\/\/geigl.co.at\/de\/impressum\/\" class=\"more-link\"><span>Continue reading<span class=\"screen-reader-text\">Impressum<\/span><\/span><\/a><\/p>\n","protected":false},"author":1,"featured_media":0,"parent":0,"menu_order":0,"comment_status":"closed","ping_status":"closed","template":"","meta":{"footnotes":""},"class_list":["post-351","page","type-page","status-publish","hentry"],"_links":{"self":[{"href":"http:\/\/geigl.co.at\/de\/wp-json\/wp\/v2\/pages\/351","targetHints":{"allow":["GET"]}}],"collection":[{"href":"http:\/\/geigl.co.at\/de\/wp-json\/wp\/v2\/pages"}],"about":[{"href":"http:\/\/geigl.co.at\/de\/wp-json\/wp\/v2\/types\/page"}],"author":[{"embeddable":true,"href":"http:\/\/geigl.co.at\/de\/wp-json\/wp\/v2\/users\/1"}],"replies":[{"embeddable":true,"href":"http:\/\/geigl.co.at\/de\/wp-json\/wp\/v2\/comments?post=351"}],"version-history":[{"count":0,"href":"http:\/\/geigl.co.at\/de\/wp-json\/wp\/v2\/pages\/351\/revisions"}],"wp:attachment":[{"href":"http:\/\/geigl.co.at\/de\/wp-json\/wp\/v2\/media?parent=351"}],"curies":[{"name":"wp","href":"https:\/\/api.w.org\/{rel}","templated":true}]}}